{"id":612,"date":"2020-09-16T17:03:55","date_gmt":"2020-09-16T15:03:55","guid":{"rendered":"https:\/\/www.dartscup.cz\/?page_id=612"},"modified":"2020-09-16T18:25:48","modified_gmt":"2020-09-16T16:25:48","slug":"detail-hrace","status":"publish","type":"page","link":"https:\/\/www.dartscup.cz\/?page_id=612","title":{"rendered":"Detail hr\u00e1\u010de"},"content":{"rendered":"\t\t<div data-elementor-type=\"wp-page\" data-elementor-id=\"612\" class=\"elementor elementor-612\">\n\t\t\t\t\t\t<section class=\"has_eae_slider elementor-section elementor-top-section elementor-element elementor-element-14981a3 elementor-section-boxed elementor-section-height-default elementor-section-height-default\" data-eae-slider=\"25367\" data-id=\"14981a3\" data-element_type=\"section\" data-e-type=\"section\">\n\t\t\t\t\t\t<div class=\"elementor-container elementor-column-gap-default\">\n\t\t\t\t\t<div class=\"has_eae_slider elementor-column elementor-col-100 elementor-top-column elementor-element elementor-element-bdc1a91\" data-eae-slider=\"25596\" data-id=\"bdc1a91\" data-element_type=\"column\" data-e-type=\"column\">\n\t\t\t<div class=\"elementor-widget-wrap elementor-element-populated\">\n\t\t\t\t\t\t<section class=\"has_eae_slider elementor-section elementor-inner-section elementor-element elementor-element-ddfa83d elementor-section-boxed elementor-section-height-default elementor-section-height-default\" data-eae-slider=\"61210\" data-id=\"ddfa83d\" data-element_type=\"section\" data-e-type=\"section\">\n\t\t\t\t\t\t<div class=\"elementor-container elementor-column-gap-default\">\n\t\t\t\t\t<div class=\"has_eae_slider elementor-column elementor-col-100 elementor-inner-column elementor-element elementor-element-d78ddb8\" data-eae-slider=\"65950\" data-id=\"d78ddb8\" data-element_type=\"column\" data-e-type=\"column\" data-settings=\"{&quot;background_background&quot;:&quot;classic&quot;}\">\n\t\t\t<div class=\"elementor-widget-wrap elementor-element-populated\">\n\t\t\t\t\t\t<div class=\"elementor-element elementor-element-3d0ab46 elementor-view-stacked elementor-shape-circle elementor-widget elementor-widget-icon\" data-id=\"3d0ab46\" data-element_type=\"widget\" data-e-type=\"widget\" data-widget_type=\"icon.default\">\n\t\t\t\t<div class=\"elementor-widget-container\">\n\t\t\t\t\t\t\t<div class=\"elementor-icon-wrapper\">\n\t\t\t<div class=\"elementor-icon\">\n\t\t\t<svg xmlns=\"http:\/\/www.w3.org\/2000\/svg\" id=\"Layer_1\" height=\"512\" viewBox=\"0 0 480.063 480.063\" width=\"512\"><path d=\"m402.032 424.806v47.257c0 4.418-3.582 8-8 8s-8-3.582-8-8v-47.257c0-36.795-29.775-66.572-66.573-66.571-17.411 0-33.208-8.87-42.259-23.728-2.298-3.773-1.103-8.696 2.671-10.994 3.773-2.299 8.695-1.103 10.994 2.671 6.122 10.051 16.811 16.051 28.594 16.051 45.637-.002 82.573 36.93 82.573 82.571zm-139.606-80.193c.941 4.317-1.796 8.579-6.113 9.52-21.054 4.587-42.467-.005-59.516-11.642-16.878 18.087-39.176 15.744-36.191 15.744-36.795-.001-66.573 29.773-66.573 66.571v47.257c0 4.418-3.582 8-8 8s-8-3.582-8-8v-47.257c0-45.636 36.929-82.571 82.571-82.571 18.462 0 33.429-14.875 33.429-33.342v-2.107c-34.919-16.697-59.429-51.784-60.923-92.643-14.37-3.455-25.077-16.317-25.077-31.62v-41.473c-.437-20.3 2.577-71.143 39.648-106.877 45.775-44.126 119.183-41.323 173.161-15.338 5.261 2.535 6.06 9.643 1.691 13.324 27.345 6.67 50.925 23.48 66.074 47.538.782 1.239 2.214 3.184 1.84 6.287-.232 1.931-.807 3.565-2.295 5.075-9.75 9.888-15.119 22.991-15.119 36.896v54.57c0 4.418-3.582 8-8 8s-8-3.582-8-8v-54.57c0-16.037 5.479-31.259 15.542-43.487-15.338-21.936-39.268-36.044-66.332-38.942l-14.061-1.506c-8.222-.88-9.835-12.207-2.194-15.352l6.395-2.633c-83.286-29.035-172.351 3.226-172.351 114.928v41.56c0 6.348 3.656 11.865 9 14.636v-51.863c0-30.878 25.122-56 56-56h102c30.878 0 56 25.12 56 55.997v65.503c0 69.574-67.988 122.42-137.17 102.053-.45 5.708-1.871 11.216-4.186 16.336 13.458 9.242 30.453 12.97 47.23 9.314 4.317-.94 8.579 1.797 9.52 6.114zm-22.394-43.425c50.178 0 91-40.822 91-91v-64.895c0-22.054-17.944-39.997-40-39.997h-102c-22.056 0-40 17.944-40 40v64.892c0 50.178 40.822 91 91 91zm81 137.875h-24c-4.418 0-8 3.582-8 8s3.582 8 8 8h24c4.418 0 8-3.582 8-8s-3.582-8-8-8z\"><\/path><\/svg>\t\t\t<\/div>\n\t\t<\/div>\n\t\t\t\t\t\t<\/div>\n\t\t\t\t<\/div>\n\t\t\t\t<div class=\"elementor-element elementor-element-8c4452c elementor-widget elementor-widget-heading\" data-id=\"8c4452c\" data-element_type=\"widget\" data-e-type=\"widget\" data-widget_type=\"heading.default\">\n\t\t\t\t<div class=\"elementor-widget-container\">\n\t\t\t\t\t<h3 class=\"elementor-heading-title elementor-size-default\">DETAIL HR\u00c1\u010cE<\/h3>\t\t\t\t<\/div>\n\t\t\t\t<\/div>\n\t\t\t\t<div class=\"elementor-element elementor-element-c7ea1ce elementor-widget-divider--view-line elementor-widget elementor-widget-divider\" data-id=\"c7ea1ce\" data-element_type=\"widget\" data-e-type=\"widget\" data-widget_type=\"divider.default\">\n\t\t\t\t<div class=\"elementor-widget-container\">\n\t\t\t\t\t\t\t<div class=\"elementor-divider\">\n\t\t\t<span class=\"elementor-divider-separator\">\n\t\t\t\t\t\t<\/span>\n\t\t<\/div>\n\t\t\t\t\t\t<\/div>\n\t\t\t\t<\/div>\n\t\t\t\t<div class=\"elementor-element elementor-element-f1dcf37 elementor-widget elementor-widget-text-editor\" data-id=\"f1dcf37\" data-element_type=\"widget\" data-e-type=\"widget\" data-widget_type=\"text-editor.default\">\n\t\t\t\t<div class=\"elementor-widget-container\">\n\t\t\t\t\t\t\t\t\t<p>Neda\u0159\u00ed se na\u010d\u00edst data ze serveru&#8230;<\/p>\t\t\t\t\t\t\t\t<\/div>\n\t\t\t\t<\/div>\n\t\t\t\t\t<\/div>\n\t\t<\/div>\n\t\t\t\t\t<\/div>\n\t\t<\/section>\n\t\t\t\t\t<\/div>\n\t\t<\/div>\n\t\t\t\t\t<\/div>\n\t\t<\/section>\n\t\t\t\t<\/div>\n\t\t","protected":false},"excerpt":{"rendered":"<p>DETAIL HR\u00c1\u010cE<\/p>\n","protected":false},"author":2,"featured_media":0,"parent":0,"menu_order":0,"comment_status":"closed","ping_status":"closed","template":"","meta":{"ocean_post_layout":"full-width","ocean_both_sidebars_style":"","ocean_both_sidebars_content_width":0,"ocean_both_sidebars_sidebars_width":0,"ocean_sidebar":"0","ocean_second_sidebar":"0","ocean_disable_margins":"enable","ocean_add_body_class":"","ocean_shortcode_before_top_bar":"","ocean_shortcode_after_top_bar":"","ocean_shortcode_before_header":"","ocean_shortcode_after_header":"","ocean_has_shortcode":"","ocean_shortcode_after_title":"","ocean_shortcode_before_footer_widgets":"","ocean_shortcode_after_footer_widgets":"","ocean_shortcode_before_footer_bottom":"","ocean_shortcode_after_footer_bottom":"","ocean_display_top_bar":"default","ocean_display_header":"default","ocean_header_style":"","ocean_center_header_left_menu":"0","ocean_custom_header_template":"0","ocean_custom_logo":0,"ocean_custom_retina_logo":0,"ocean_custom_logo_max_width":0,"ocean_custom_logo_tablet_max_width":0,"ocean_custom_logo_mobile_max_width":0,"ocean_custom_logo_max_height":0,"ocean_custom_logo_tablet_max_height":0,"ocean_custom_logo_mobile_max_height":0,"ocean_header_custom_menu":"0","ocean_menu_typo_font_family":"0","ocean_menu_typo_font_subset":"","ocean_menu_typo_font_size":0,"ocean_menu_typo_font_size_tablet":0,"ocean_menu_typo_font_size_mobile":0,"ocean_menu_typo_font_size_unit":"px","ocean_menu_typo_font_weight":"","ocean_menu_typo_font_weight_tablet":"","ocean_menu_typo_font_weight_mobile":"","ocean_menu_typo_transform":"","ocean_menu_typo_transform_tablet":"","ocean_menu_typo_transform_mobile":"","ocean_menu_typo_line_height":0,"ocean_menu_typo_line_height_tablet":0,"ocean_menu_typo_line_height_mobile":0,"ocean_menu_typo_line_height_unit":"","ocean_menu_typo_spacing":0,"ocean_menu_typo_spacing_tablet":0,"ocean_menu_typo_spacing_mobile":0,"ocean_menu_typo_spacing_unit":"","ocean_menu_link_color":"","ocean_menu_link_color_hover":"","ocean_menu_link_color_active":"","ocean_menu_link_background":"","ocean_menu_link_hover_background":"","ocean_menu_link_active_background":"","ocean_menu_social_links_bg":"","ocean_menu_social_hover_links_bg":"","ocean_menu_social_links_color":"","ocean_menu_social_hover_links_color":"","ocean_disable_title":"default","ocean_disable_heading":"default","ocean_post_title":"","ocean_post_subheading":"","ocean_post_title_style":"","ocean_post_title_background_color":"","ocean_post_title_background":0,"ocean_post_title_bg_image_position":"","ocean_post_title_bg_image_attachment":"","ocean_post_title_bg_image_repeat":"","ocean_post_title_bg_image_size":"","ocean_post_title_height":0,"ocean_post_title_bg_overlay":0.5,"ocean_post_title_bg_overlay_color":"","ocean_disable_breadcrumbs":"default","ocean_breadcrumbs_color":"","ocean_breadcrumbs_separator_color":"","ocean_breadcrumbs_links_color":"","ocean_breadcrumbs_links_hover_color":"","ocean_display_footer_widgets":"default","ocean_display_footer_bottom":"default","ocean_custom_footer_template":"0","footnotes":""},"class_list":["post-612","page","type-page","status-publish","hentry","entry"],"_links":{"self":[{"href":"https:\/\/www.dartscup.cz\/index.php?rest_route=\/wp\/v2\/pages\/612","targetHints":{"allow":["GET"]}}],"collection":[{"href":"https:\/\/www.dartscup.cz\/index.php?rest_route=\/wp\/v2\/pages"}],"about":[{"href":"https:\/\/www.dartscup.cz\/index.php?rest_route=\/wp\/v2\/types\/page"}],"author":[{"embeddable":true,"href":"https:\/\/www.dartscup.cz\/index.php?rest_route=\/wp\/v2\/users\/2"}],"replies":[{"embeddable":true,"href":"https:\/\/www.dartscup.cz\/index.php?rest_route=%2Fwp%2Fv2%2Fcomments&post=612"}],"version-history":[{"count":6,"href":"https:\/\/www.dartscup.cz\/index.php?rest_route=\/wp\/v2\/pages\/612\/revisions"}],"predecessor-version":[{"id":625,"href":"https:\/\/www.dartscup.cz\/index.php?rest_route=\/wp\/v2\/pages\/612\/revisions\/625"}],"wp:attachment":[{"href":"https:\/\/www.dartscup.cz\/index.php?rest_route=%2Fwp%2Fv2%2Fmedia&parent=612"}],"curies":[{"name":"wp","href":"https:\/\/api.w.org\/{rel}","templated":true}]}}