{"id":410,"date":"2020-08-11T08:10:38","date_gmt":"2020-08-11T06:10:38","guid":{"rendered":"http:\/\/nerodarts-cup.test.toxwat.cz\/?page_id=410"},"modified":"2020-09-02T17:09:43","modified_gmt":"2020-09-02T15:09:43","slug":"generator","status":"publish","type":"page","link":"https:\/\/www.dartscup.cz\/?page_id=410","title":{"rendered":"Gener\u00e1tor"},"content":{"rendered":"\t\t<div data-elementor-type=\"wp-page\" data-elementor-id=\"410\" class=\"elementor elementor-410\">\n\t\t\t\t\t\t<section class=\"has_eae_slider elementor-section elementor-top-section elementor-element elementor-element-1b73d6c elementor-section-boxed elementor-section-height-default elementor-section-height-default\" data-eae-slider=\"45366\" data-id=\"1b73d6c\" data-element_type=\"section\" data-e-type=\"section\">\n\t\t\t\t\t\t<div class=\"elementor-container elementor-column-gap-default\">\n\t\t\t\t\t<div class=\"has_eae_slider elementor-column elementor-col-50 elementor-top-column elementor-element elementor-element-990aaa6\" data-eae-slider=\"3490\" data-id=\"990aaa6\" data-element_type=\"column\" data-e-type=\"column\" data-settings=\"{&quot;background_background&quot;:&quot;classic&quot;}\">\n\t\t\t<div class=\"elementor-widget-wrap elementor-element-populated\">\n\t\t\t\t\t\t<div class=\"elementor-element elementor-element-548e82b elementor-view-stacked elementor-shape-circle elementor-widget elementor-widget-icon\" data-id=\"548e82b\" data-element_type=\"widget\" data-e-type=\"widget\" data-widget_type=\"icon.default\">\n\t\t\t\t<div class=\"elementor-widget-container\">\n\t\t\t\t\t\t\t<div class=\"elementor-icon-wrapper\">\n\t\t\t<div class=\"elementor-icon\">\n\t\t\t<svg xmlns=\"http:\/\/www.w3.org\/2000\/svg\" xmlns:xlink=\"http:\/\/www.w3.org\/1999\/xlink\" id=\"Capa_1\" x=\"0px\" y=\"0px\" viewBox=\"0 0 493.861 493.861\" style=\"enable-background:new 0 0 493.861 493.861;\" xml:space=\"preserve\"><g>\t<path d=\"M283.273,226.588c3.867-2.138,5.269-7.005,3.131-10.872c-2.137-3.867-7.004-5.268-10.872-3.131l-11.409,6.307   c-3.867,2.138-5.269,7.005-3.131,10.872c1.459,2.64,4.191,4.131,7.009,4.131c1.309,0,2.637-0.322,3.863-1L283.273,226.588z\"><\/path>\t<path d=\"M438.796,95.855L278.807,7.411c-17.875-9.882-45.878-9.881-63.752,0L55.065,95.855   c-18.02,9.961-32.135,33.893-32.135,54.483v193.185c0,20.59,14.115,44.521,32.135,54.483l159.989,88.444   c8.938,4.941,20.405,7.412,31.876,7.411c11.468,0,22.94-2.471,31.876-7.411l159.989-88.444   c18.02-9.962,32.135-33.894,32.135-54.483V150.338C470.931,129.748,456.815,105.816,438.796,95.855z M454.931,343.523   c0,14.788-10.934,33.326-23.876,40.48l-159.989,88.444c-4.54,2.51-10.175,4.128-16.135,4.896V262.931c0-4.418-3.582-8-8-8   s-8,3.582-8,8v214.412c-5.959-0.768-11.595-2.386-16.135-4.896L62.807,384.003c-12.942-7.155-23.876-25.692-23.876-40.48V150.338   c0-5.252,1.384-10.976,3.743-16.496l179.18,99.053c1.227,0.678,2.554,1,3.863,1c2.817,0,5.549-1.491,7.009-4.131   c2.138-3.867,0.736-8.734-3.131-10.872L50.958,120.14c3.516-4.305,7.571-7.917,11.848-10.282l159.989-88.444   c6.541-3.616,15.338-5.424,24.135-5.424s17.594,1.808,24.135,5.424l159.989,88.444c4.259,2.354,8.297,5.947,11.804,10.227   l-140.377,77.602c-3.867,2.138-5.269,7.005-3.131,10.872c1.459,2.64,4.191,4.131,7.009,4.131c1.309,0,2.637-0.322,3.863-1   l140.938-77.912c2.375,5.54,3.77,11.288,3.77,16.56V343.523z\"><\/path>\t<path d=\"M432.168,207.104c-4.321-0.916-8.569,1.845-9.485,6.167c-2.769,13.059-10.737,25.664-19.378,30.653   c-1.899,1.097-5.46,2.721-7.948,1.286c-2.14-1.235-4.425-5.242-4.425-12.784c0-15.112,9.33-33.266,20.374-39.642   c1.858-1.073,5.344-2.675,7.824-1.354c3.9,2.078,8.745,0.602,10.822-3.298c2.078-3.899,0.602-8.745-3.298-10.822   c-6.891-3.672-15.182-3.097-23.349,1.618c-15.911,9.186-28.374,32.686-28.374,53.499c0,12.371,4.529,22.081,12.425,26.64   c3.16,1.825,6.625,2.733,10.252,2.733c4.412,0,9.064-1.344,13.696-4.018c12.471-7.201,23.334-23.754,27.031-41.191   C439.251,212.267,436.49,208.02,432.168,207.104z\"><\/path>\t<path d=\"M328.168,384.258c-4.323-0.916-8.569,1.845-9.485,6.167c-2.769,13.059-10.737,25.664-19.378,30.653   c-1.9,1.097-5.459,2.724-7.948,1.286c-2.14-1.235-4.425-5.242-4.425-12.783c0-15.112,9.33-33.266,20.374-39.642   c1.858-1.073,5.344-2.676,7.825-1.354c3.899,2.077,8.746,0.6,10.822-3.299c2.078-3.899,0.601-8.745-3.299-10.822   c-6.89-3.671-15.182-3.095-23.348,1.619c-15.911,9.186-28.374,32.686-28.374,53.499c0,12.371,4.529,22.081,12.425,26.64   c3.16,1.825,6.625,2.733,10.252,2.733c4.412,0,9.064-1.344,13.696-4.019c12.471-7.2,23.334-23.753,27.031-41.191   C335.251,389.421,332.49,385.174,328.168,384.258z\"><\/path>\t<path d=\"M380.168,295.681c-4.324-0.918-8.569,1.845-9.485,6.167c-2.769,13.059-10.737,25.664-19.378,30.652   c-1.9,1.097-5.46,2.724-7.948,1.286c-2.14-1.235-4.425-5.242-4.425-12.783c0-15.112,9.33-33.266,20.374-39.642   c1.858-1.073,5.344-2.675,7.825-1.354c3.899,2.077,8.745,0.6,10.822-3.299c2.078-3.899,0.601-8.745-3.299-10.822   c-6.89-3.67-15.182-3.096-23.348,1.619c-15.911,9.186-28.374,32.686-28.374,53.499c0,12.371,4.529,22.081,12.425,26.64   c3.16,1.825,6.625,2.733,10.252,2.733c4.412,0,9.064-1.344,13.696-4.019c12.471-7.2,23.333-23.753,27.031-41.19   C387.251,300.844,384.49,296.598,380.168,295.681z\"><\/path>\t<path d=\"M161.045,303.085c-4.331,0.874-7.134,5.092-6.261,9.424c0.593,2.938,0.893,5.796,0.893,8.494   c0,7.542-2.286,11.548-4.425,12.783c-2.49,1.438-6.049-0.188-7.949-1.286c-11.043-6.376-20.374-24.529-20.374-39.642   c0-7.542,2.286-11.548,4.425-12.784c2.489-1.437,6.048,0.188,7.947,1.285c1.542,0.891,3.101,2.055,4.634,3.461   c3.254,2.986,8.316,2.77,11.303-0.487c2.987-3.255,2.769-8.316-0.487-11.303c-2.391-2.194-4.897-4.053-7.449-5.527   c-8.439-4.873-16.945-5.33-23.948-1.285c-7.896,4.559-12.425,14.269-12.425,26.64c0,20.813,12.463,44.313,28.374,53.498   c4.632,2.675,9.283,4.019,13.696,4.019c3.626,0,7.093-0.909,10.252-2.733c7.896-4.559,12.425-14.269,12.425-26.64   c0-3.757-0.407-7.679-1.208-11.657C169.596,305.016,165.382,302.215,161.045,303.085z\"><\/path>\t<path d=\"M294.931,174.931c0-4.418-3.582-8-8-8c-4.317,0-7.835,3.42-7.995,7.698c-1.398,2.479-12.473,8.302-32.005,8.302   c-18.778,0-29.739-5.382-31.8-8c2.062-2.618,13.022-8,31.8-8c5.1,0,10.019,0.408,14.62,1.211c4.354,0.761,8.498-2.151,9.257-6.503   c0.761-4.352-2.151-8.497-6.503-9.257c-5.508-0.963-11.353-1.451-17.374-1.451c-11.678,0-22.778,1.868-31.255,5.258   c-14.569,5.828-16.745,14.244-16.745,18.742s2.175,12.914,16.745,18.742c8.478,3.391,19.578,5.258,31.255,5.258   s22.778-1.868,31.255-5.258C292.755,187.845,294.931,179.429,294.931,174.931z\"><\/path>\t<path d=\"M215.675,137.672c8.478,3.391,19.578,5.258,31.255,5.258s22.778-1.868,31.255-5.258   c14.569-5.828,16.745-14.244,16.745-18.742c0-4.418-3.582-8-8-8c-4.317,0-7.835,3.42-7.995,7.698   c-1.398,2.479-12.473,8.302-32.005,8.302c-18.778,0-29.739-5.382-31.8-8c2.062-2.618,13.022-8,31.8-8   c5.1,0,10.019,0.408,14.62,1.211c4.354,0.762,8.498-2.151,9.257-6.503c0.761-4.352-2.151-8.497-6.503-9.257   c-5.508-0.963-11.353-1.451-17.374-1.451c-11.678,0-22.778,1.868-31.255,5.258c-14.569,5.828-16.745,14.244-16.745,18.742   S201.106,131.845,215.675,137.672z\"><\/path>\t<path d=\"M319.675,137.672c8.478,3.391,19.578,5.258,31.255,5.258s22.778-1.868,31.255-5.258   c14.569-5.828,16.745-14.244,16.745-18.742c0-4.418-3.582-8-8-8c-4.317,0-7.835,3.42-7.995,7.698   c-1.398,2.479-12.473,8.302-32.005,8.302c-18.778,0-29.739-5.382-31.8-8c2.062-2.618,13.022-8,31.8-8   c5.1,0,10.019,0.408,14.62,1.211c4.354,0.762,8.497-2.151,9.257-6.503c0.761-4.352-2.151-8.497-6.503-9.257   c-5.508-0.963-11.353-1.451-17.374-1.451c-11.678,0-22.778,1.868-31.255,5.258c-14.569,5.828-16.745,14.244-16.745,18.742   S305.106,131.845,319.675,137.672z\"><\/path>\t<path d=\"M182.931,110.931c-4.317,0-7.835,3.42-7.995,7.698c-1.398,2.479-12.473,8.302-32.005,8.302c-18.778,0-29.739-5.382-31.8-8   c2.062-2.618,13.022-8,31.8-8c5.1,0,10.019,0.408,14.62,1.211c4.351,0.762,8.497-2.151,9.257-6.503   c0.761-4.352-2.151-8.497-6.503-9.257c-5.508-0.963-11.353-1.451-17.374-1.451c-11.678,0-22.778,1.868-31.255,5.258   c-14.569,5.828-16.745,14.244-16.745,18.742s2.175,12.914,16.745,18.742c8.478,3.391,19.578,5.258,31.255,5.258   s22.778-1.868,31.255-5.258c14.569-5.828,16.745-14.244,16.745-18.742C190.931,114.512,187.349,110.931,182.931,110.931z\"><\/path>\t<path d=\"M215.675,81.672c8.478,3.391,19.578,5.258,31.255,5.258s22.778-1.868,31.255-5.258   c14.569-5.828,16.745-14.244,16.745-18.742c0-4.418-3.582-8-8-8c-4.317,0-7.835,3.42-7.995,7.698   c-1.398,2.479-12.473,8.302-32.005,8.302c-18.778,0-29.739-5.382-31.8-8c2.062-2.618,13.022-8,31.8-8   c5.1,0,10.019,0.408,14.62,1.211c4.354,0.762,8.498-2.151,9.257-6.503c0.761-4.352-2.151-8.497-6.503-9.257   c-5.508-0.963-11.353-1.451-17.374-1.451c-11.678,0-22.778,1.868-31.255,5.258c-14.569,5.828-16.745,14.244-16.745,18.742   S201.106,75.845,215.675,81.672z\"><\/path><\/g><g><\/g><g><\/g><g><\/g><g><\/g><g><\/g><g><\/g><g><\/g><g><\/g><g><\/g><g><\/g><g><\/g><g><\/g><g><\/g><g><\/g><g><\/g><\/svg>\t\t\t<\/div>\n\t\t<\/div>\n\t\t\t\t\t\t<\/div>\n\t\t\t\t<\/div>\n\t\t\t\t<div class=\"elementor-element elementor-element-ba93b15 elementor-widget elementor-widget-heading\" data-id=\"ba93b15\" data-element_type=\"widget\" data-e-type=\"widget\" data-widget_type=\"heading.default\">\n\t\t\t\t<div class=\"elementor-widget-container\">\n\t\t\t\t\t<h3 class=\"elementor-heading-title elementor-size-default\">GENER\u00c1TOR N\u00c1HODN\u00c9HO LOSU\n<\/h3>\t\t\t\t<\/div>\n\t\t\t\t<\/div>\n\t\t\t\t<div class=\"elementor-element elementor-element-e8702df elementor-widget-divider--view-line elementor-widget elementor-widget-divider\" data-id=\"e8702df\" data-element_type=\"widget\" data-e-type=\"widget\" data-widget_type=\"divider.default\">\n\t\t\t\t<div class=\"elementor-widget-container\">\n\t\t\t\t\t\t\t<div class=\"elementor-divider\">\n\t\t\t<span class=\"elementor-divider-separator\">\n\t\t\t\t\t\t<\/span>\n\t\t<\/div>\n\t\t\t\t\t\t<\/div>\n\t\t\t\t<\/div>\n\t\t\t\t<section class=\"has_eae_slider elementor-section elementor-inner-section elementor-element elementor-element-72b08ae elementor-section-height-min-height elementor-section-boxed elementor-section-height-default\" data-eae-slider=\"57860\" data-id=\"72b08ae\" data-element_type=\"section\" data-e-type=\"section\" data-settings=\"{&quot;background_background&quot;:&quot;classic&quot;}\">\n\t\t\t\t\t\t<div class=\"elementor-container elementor-column-gap-default\">\n\t\t\t\t\t<div class=\"has_eae_slider elementor-column elementor-col-100 elementor-inner-column elementor-element elementor-element-4643539\" data-eae-slider=\"4383\" data-id=\"4643539\" data-element_type=\"column\" data-e-type=\"column\">\n\t\t\t<div class=\"elementor-widget-wrap elementor-element-populated\">\n\t\t\t\t\t\t<div class=\"elementor-element elementor-element-aed766f elementor-widget elementor-widget-text-editor\" data-id=\"aed766f\" data-element_type=\"widget\" data-e-type=\"widget\" data-widget_type=\"text-editor.default\">\n\t\t\t\t<div class=\"elementor-widget-container\">\n\t\t\t\t\t\t\t\t\t<p><fieldset style='border-radius:10px;'><legend>Gener\u00e1tor losu<\/legend><form method='get' action='' ><label for='plnumber'>Po\u010det hr\u00e1\u010d\u016f <\/label><input id='plnumber' type='number' name='plnumber' min='1' max='500' required='required' style='color:white;border-radius:5px;' \/> <input type='hidden' name='tsd_page' value='genTicket' \/><input type='hidden' name='page_id' value='' \/><input type='submit' value='Vygenerovat' style='border-radius:5px;font-weight:bolder;' \/><\/form><\/fieldset><\/p>\t\t\t\t\t\t\t\t<\/div>\n\t\t\t\t<\/div>\n\t\t\t\t\t<\/div>\n\t\t<\/div>\n\t\t\t\t\t<\/div>\n\t\t<\/section>\n\t\t\t\t\t<\/div>\n\t\t<\/div>\n\t\t\t\t<div class=\"has_eae_slider elementor-column elementor-col-50 elementor-top-column elementor-element elementor-element-1069ea2\" data-eae-slider=\"76670\" data-id=\"1069ea2\" data-element_type=\"column\" data-e-type=\"column\" data-settings=\"{&quot;background_background&quot;:&quot;classic&quot;}\">\n\t\t\t<div class=\"elementor-widget-wrap elementor-element-populated\">\n\t\t\t\t\t\t<div class=\"elementor-element elementor-element-5cfc992 elementor-view-stacked elementor-shape-circle elementor-widget elementor-widget-icon\" data-id=\"5cfc992\" data-element_type=\"widget\" data-e-type=\"widget\" data-widget_type=\"icon.default\">\n\t\t\t\t<div class=\"elementor-widget-container\">\n\t\t\t\t\t\t\t<div class=\"elementor-icon-wrapper\">\n\t\t\t<div class=\"elementor-icon\">\n\t\t\t<svg xmlns=\"http:\/\/www.w3.org\/2000\/svg\" xmlns:xlink=\"http:\/\/www.w3.org\/1999\/xlink\" id=\"Capa_1\" x=\"0px\" y=\"0px\" viewBox=\"0 0 493.861 493.861\" style=\"enable-background:new 0 0 493.861 493.861;\" xml:space=\"preserve\"><g>\t<path d=\"M283.273,226.588c3.867-2.138,5.269-7.005,3.131-10.872c-2.137-3.867-7.004-5.268-10.872-3.131l-11.409,6.307   c-3.867,2.138-5.269,7.005-3.131,10.872c1.459,2.64,4.191,4.131,7.009,4.131c1.309,0,2.637-0.322,3.863-1L283.273,226.588z\"><\/path>\t<path d=\"M438.796,95.855L278.807,7.411c-17.875-9.882-45.878-9.881-63.752,0L55.065,95.855   c-18.02,9.961-32.135,33.893-32.135,54.483v193.185c0,20.59,14.115,44.521,32.135,54.483l159.989,88.444   c8.938,4.941,20.405,7.412,31.876,7.411c11.468,0,22.94-2.471,31.876-7.411l159.989-88.444   c18.02-9.962,32.135-33.894,32.135-54.483V150.338C470.931,129.748,456.815,105.816,438.796,95.855z M454.931,343.523   c0,14.788-10.934,33.326-23.876,40.48l-159.989,88.444c-4.54,2.51-10.175,4.128-16.135,4.896V262.931c0-4.418-3.582-8-8-8   s-8,3.582-8,8v214.412c-5.959-0.768-11.595-2.386-16.135-4.896L62.807,384.003c-12.942-7.155-23.876-25.692-23.876-40.48V150.338   c0-5.252,1.384-10.976,3.743-16.496l179.18,99.053c1.227,0.678,2.554,1,3.863,1c2.817,0,5.549-1.491,7.009-4.131   c2.138-3.867,0.736-8.734-3.131-10.872L50.958,120.14c3.516-4.305,7.571-7.917,11.848-10.282l159.989-88.444   c6.541-3.616,15.338-5.424,24.135-5.424s17.594,1.808,24.135,5.424l159.989,88.444c4.259,2.354,8.297,5.947,11.804,10.227   l-140.377,77.602c-3.867,2.138-5.269,7.005-3.131,10.872c1.459,2.64,4.191,4.131,7.009,4.131c1.309,0,2.637-0.322,3.863-1   l140.938-77.912c2.375,5.54,3.77,11.288,3.77,16.56V343.523z\"><\/path>\t<path d=\"M432.168,207.104c-4.321-0.916-8.569,1.845-9.485,6.167c-2.769,13.059-10.737,25.664-19.378,30.653   c-1.899,1.097-5.46,2.721-7.948,1.286c-2.14-1.235-4.425-5.242-4.425-12.784c0-15.112,9.33-33.266,20.374-39.642   c1.858-1.073,5.344-2.675,7.824-1.354c3.9,2.078,8.745,0.602,10.822-3.298c2.078-3.899,0.602-8.745-3.298-10.822   c-6.891-3.672-15.182-3.097-23.349,1.618c-15.911,9.186-28.374,32.686-28.374,53.499c0,12.371,4.529,22.081,12.425,26.64   c3.16,1.825,6.625,2.733,10.252,2.733c4.412,0,9.064-1.344,13.696-4.018c12.471-7.201,23.334-23.754,27.031-41.191   C439.251,212.267,436.49,208.02,432.168,207.104z\"><\/path>\t<path d=\"M328.168,384.258c-4.323-0.916-8.569,1.845-9.485,6.167c-2.769,13.059-10.737,25.664-19.378,30.653   c-1.9,1.097-5.459,2.724-7.948,1.286c-2.14-1.235-4.425-5.242-4.425-12.783c0-15.112,9.33-33.266,20.374-39.642   c1.858-1.073,5.344-2.676,7.825-1.354c3.899,2.077,8.746,0.6,10.822-3.299c2.078-3.899,0.601-8.745-3.299-10.822   c-6.89-3.671-15.182-3.095-23.348,1.619c-15.911,9.186-28.374,32.686-28.374,53.499c0,12.371,4.529,22.081,12.425,26.64   c3.16,1.825,6.625,2.733,10.252,2.733c4.412,0,9.064-1.344,13.696-4.019c12.471-7.2,23.334-23.753,27.031-41.191   C335.251,389.421,332.49,385.174,328.168,384.258z\"><\/path>\t<path d=\"M380.168,295.681c-4.324-0.918-8.569,1.845-9.485,6.167c-2.769,13.059-10.737,25.664-19.378,30.652   c-1.9,1.097-5.46,2.724-7.948,1.286c-2.14-1.235-4.425-5.242-4.425-12.783c0-15.112,9.33-33.266,20.374-39.642   c1.858-1.073,5.344-2.675,7.825-1.354c3.899,2.077,8.745,0.6,10.822-3.299c2.078-3.899,0.601-8.745-3.299-10.822   c-6.89-3.67-15.182-3.096-23.348,1.619c-15.911,9.186-28.374,32.686-28.374,53.499c0,12.371,4.529,22.081,12.425,26.64   c3.16,1.825,6.625,2.733,10.252,2.733c4.412,0,9.064-1.344,13.696-4.019c12.471-7.2,23.333-23.753,27.031-41.19   C387.251,300.844,384.49,296.598,380.168,295.681z\"><\/path>\t<path d=\"M161.045,303.085c-4.331,0.874-7.134,5.092-6.261,9.424c0.593,2.938,0.893,5.796,0.893,8.494   c0,7.542-2.286,11.548-4.425,12.783c-2.49,1.438-6.049-0.188-7.949-1.286c-11.043-6.376-20.374-24.529-20.374-39.642   c0-7.542,2.286-11.548,4.425-12.784c2.489-1.437,6.048,0.188,7.947,1.285c1.542,0.891,3.101,2.055,4.634,3.461   c3.254,2.986,8.316,2.77,11.303-0.487c2.987-3.255,2.769-8.316-0.487-11.303c-2.391-2.194-4.897-4.053-7.449-5.527   c-8.439-4.873-16.945-5.33-23.948-1.285c-7.896,4.559-12.425,14.269-12.425,26.64c0,20.813,12.463,44.313,28.374,53.498   c4.632,2.675,9.283,4.019,13.696,4.019c3.626,0,7.093-0.909,10.252-2.733c7.896-4.559,12.425-14.269,12.425-26.64   c0-3.757-0.407-7.679-1.208-11.657C169.596,305.016,165.382,302.215,161.045,303.085z\"><\/path>\t<path d=\"M294.931,174.931c0-4.418-3.582-8-8-8c-4.317,0-7.835,3.42-7.995,7.698c-1.398,2.479-12.473,8.302-32.005,8.302   c-18.778,0-29.739-5.382-31.8-8c2.062-2.618,13.022-8,31.8-8c5.1,0,10.019,0.408,14.62,1.211c4.354,0.761,8.498-2.151,9.257-6.503   c0.761-4.352-2.151-8.497-6.503-9.257c-5.508-0.963-11.353-1.451-17.374-1.451c-11.678,0-22.778,1.868-31.255,5.258   c-14.569,5.828-16.745,14.244-16.745,18.742s2.175,12.914,16.745,18.742c8.478,3.391,19.578,5.258,31.255,5.258   s22.778-1.868,31.255-5.258C292.755,187.845,294.931,179.429,294.931,174.931z\"><\/path>\t<path d=\"M215.675,137.672c8.478,3.391,19.578,5.258,31.255,5.258s22.778-1.868,31.255-5.258   c14.569-5.828,16.745-14.244,16.745-18.742c0-4.418-3.582-8-8-8c-4.317,0-7.835,3.42-7.995,7.698   c-1.398,2.479-12.473,8.302-32.005,8.302c-18.778,0-29.739-5.382-31.8-8c2.062-2.618,13.022-8,31.8-8   c5.1,0,10.019,0.408,14.62,1.211c4.354,0.762,8.498-2.151,9.257-6.503c0.761-4.352-2.151-8.497-6.503-9.257   c-5.508-0.963-11.353-1.451-17.374-1.451c-11.678,0-22.778,1.868-31.255,5.258c-14.569,5.828-16.745,14.244-16.745,18.742   S201.106,131.845,215.675,137.672z\"><\/path>\t<path d=\"M319.675,137.672c8.478,3.391,19.578,5.258,31.255,5.258s22.778-1.868,31.255-5.258   c14.569-5.828,16.745-14.244,16.745-18.742c0-4.418-3.582-8-8-8c-4.317,0-7.835,3.42-7.995,7.698   c-1.398,2.479-12.473,8.302-32.005,8.302c-18.778,0-29.739-5.382-31.8-8c2.062-2.618,13.022-8,31.8-8   c5.1,0,10.019,0.408,14.62,1.211c4.354,0.762,8.497-2.151,9.257-6.503c0.761-4.352-2.151-8.497-6.503-9.257   c-5.508-0.963-11.353-1.451-17.374-1.451c-11.678,0-22.778,1.868-31.255,5.258c-14.569,5.828-16.745,14.244-16.745,18.742   S305.106,131.845,319.675,137.672z\"><\/path>\t<path d=\"M182.931,110.931c-4.317,0-7.835,3.42-7.995,7.698c-1.398,2.479-12.473,8.302-32.005,8.302c-18.778,0-29.739-5.382-31.8-8   c2.062-2.618,13.022-8,31.8-8c5.1,0,10.019,0.408,14.62,1.211c4.351,0.762,8.497-2.151,9.257-6.503   c0.761-4.352-2.151-8.497-6.503-9.257c-5.508-0.963-11.353-1.451-17.374-1.451c-11.678,0-22.778,1.868-31.255,5.258   c-14.569,5.828-16.745,14.244-16.745,18.742s2.175,12.914,16.745,18.742c8.478,3.391,19.578,5.258,31.255,5.258   s22.778-1.868,31.255-5.258c14.569-5.828,16.745-14.244,16.745-18.742C190.931,114.512,187.349,110.931,182.931,110.931z\"><\/path>\t<path d=\"M215.675,81.672c8.478,3.391,19.578,5.258,31.255,5.258s22.778-1.868,31.255-5.258   c14.569-5.828,16.745-14.244,16.745-18.742c0-4.418-3.582-8-8-8c-4.317,0-7.835,3.42-7.995,7.698   c-1.398,2.479-12.473,8.302-32.005,8.302c-18.778,0-29.739-5.382-31.8-8c2.062-2.618,13.022-8,31.8-8   c5.1,0,10.019,0.408,14.62,1.211c4.354,0.762,8.498-2.151,9.257-6.503c0.761-4.352-2.151-8.497-6.503-9.257   c-5.508-0.963-11.353-1.451-17.374-1.451c-11.678,0-22.778,1.868-31.255,5.258c-14.569,5.828-16.745,14.244-16.745,18.742   S201.106,75.845,215.675,81.672z\"><\/path><\/g><g><\/g><g><\/g><g><\/g><g><\/g><g><\/g><g><\/g><g><\/g><g><\/g><g><\/g><g><\/g><g><\/g><g><\/g><g><\/g><g><\/g><g><\/g><\/svg>\t\t\t<\/div>\n\t\t<\/div>\n\t\t\t\t\t\t<\/div>\n\t\t\t\t<\/div>\n\t\t\t\t<div class=\"elementor-element elementor-element-621a4e5 elementor-widget elementor-widget-heading\" data-id=\"621a4e5\" data-element_type=\"widget\" data-e-type=\"widget\" data-widget_type=\"heading.default\">\n\t\t\t\t<div class=\"elementor-widget-container\">\n\t\t\t\t\t<h3 class=\"elementor-heading-title elementor-size-default\">LOSOV\u00c1N\u00cd JACKPOTU<\/h3>\t\t\t\t<\/div>\n\t\t\t\t<\/div>\n\t\t\t\t<div class=\"elementor-element elementor-element-b7c0871 elementor-widget-divider--view-line elementor-widget elementor-widget-divider\" data-id=\"b7c0871\" data-element_type=\"widget\" data-e-type=\"widget\" data-widget_type=\"divider.default\">\n\t\t\t\t<div class=\"elementor-widget-container\">\n\t\t\t\t\t\t\t<div class=\"elementor-divider\">\n\t\t\t<span class=\"elementor-divider-separator\">\n\t\t\t\t\t\t<\/span>\n\t\t<\/div>\n\t\t\t\t\t\t<\/div>\n\t\t\t\t<\/div>\n\t\t\t\t<section class=\"has_eae_slider elementor-section elementor-inner-section elementor-element elementor-element-cead606 elementor-section-height-min-height elementor-section-boxed elementor-section-height-default\" data-eae-slider=\"79561\" data-id=\"cead606\" data-element_type=\"section\" data-e-type=\"section\" data-settings=\"{&quot;background_background&quot;:&quot;classic&quot;}\">\n\t\t\t\t\t\t<div class=\"elementor-container elementor-column-gap-default\">\n\t\t\t\t\t<div class=\"has_eae_slider elementor-column elementor-col-100 elementor-inner-column elementor-element elementor-element-3e27822\" data-eae-slider=\"45229\" data-id=\"3e27822\" data-element_type=\"column\" data-e-type=\"column\">\n\t\t\t<div class=\"elementor-widget-wrap elementor-element-populated\">\n\t\t\t\t\t\t<div class=\"elementor-element elementor-element-f78c834 elementor-widget elementor-widget-text-editor\" data-id=\"f78c834\" data-element_type=\"widget\" data-e-type=\"widget\" data-widget_type=\"text-editor.default\">\n\t\t\t\t<div class=\"elementor-widget-container\">\n\t\t\t\t\t\t\t\t\t<p><fieldset style='border-radius:10px;'><legend>Gener\u00e1tor Jackpotu<\/legend><form method='get' action='' ><label for='plnumber'>Po\u010det hr\u00e1\u010d\u016f <\/label><input id='plnumber' type='number' name='plnumber' min='1' max='500' required='required' style='color:white;border-radius:5px;' \/><br \/><label for='chbox_single'>ZAHRNOUT SINGLE <\/label><input id='chbox_single' type='checkbox' name='chbox_single'\/> <label for='chbox_double'>ZAHRNOUT DOUBLE <\/label><input id='chbox_double' type='checkbox' name='chbox_double'\/> <label for='chbox_triple'>ZAHRNOUT TRIPLE <\/label><input id='chbox_triple' type='checkbox' name='chbox_triple'\/> <label for='chbox_stred'>ZAHRNOUT ST\u0158ED <\/label><input id='chbox_stred' type='checkbox' name='chbox_stred'\/><br \/><input type='hidden' name='tsd_page' value='genJackpot' \/><input type='hidden' name='page_id' value='' \/><span style='display:block;text-align:right;'><input type='submit' value='Vygenerovat' style='border-radius:5px;font-weight:bolder;' \/><\/span><span style='font-style:italic;display:block;text-align:right;'>za\u0161krtn\u011bte jednu nebo v\u00edce mo\u017enost\u00ed, pokud neza\u0161krtnete nic z t\u011bchto t\u0159\u00ed variant, bude vylosov\u00e1no pouze \u010d\u00edslo.<\/span><\/form><\/fieldset><\/p>\t\t\t\t\t\t\t\t<\/div>\n\t\t\t\t<\/div>\n\t\t\t\t\t<\/div>\n\t\t<\/div>\n\t\t\t\t\t<\/div>\n\t\t<\/section>\n\t\t\t\t\t<\/div>\n\t\t<\/div>\n\t\t\t\t\t<\/div>\n\t\t<\/section>\n\t\t\t\t<\/div>\n\t\t","protected":false},"excerpt":{"rendered":"<p>GENER\u00c1TOR N\u00c1HODN\u00c9HO LOSU LOSOV\u00c1N\u00cd JACKPOTU<\/p>\n","protected":false},"author":1,"featured_media":0,"parent":0,"menu_order":0,"comment_status":"closed","ping_status":"closed","template":"elementor_header_footer","meta":{"ocean_post_layout":"full-width","ocean_both_sidebars_style":"","ocean_both_sidebars_content_width":0,"ocean_both_sidebars_sidebars_width":0,"ocean_sidebar":"0","ocean_second_sidebar":"0","ocean_disable_margins":"enable","ocean_add_body_class":"","ocean_shortcode_before_top_bar":"","ocean_shortcode_after_top_bar":"","ocean_shortcode_before_header":"","ocean_shortcode_after_header":"","ocean_has_shortcode":"","ocean_shortcode_after_title":"","ocean_shortcode_before_footer_widgets":"","ocean_shortcode_after_footer_widgets":"","ocean_shortcode_before_footer_bottom":"","ocean_shortcode_after_footer_bottom":"","ocean_display_top_bar":"default","ocean_display_header":"default","ocean_header_style":"","ocean_center_header_left_menu":"0","ocean_custom_header_template":"0","ocean_custom_logo":0,"ocean_custom_retina_logo":0,"ocean_custom_logo_max_width":0,"ocean_custom_logo_tablet_max_width":0,"ocean_custom_logo_mobile_max_width":0,"ocean_custom_logo_max_height":0,"ocean_custom_logo_tablet_max_height":0,"ocean_custom_logo_mobile_max_height":0,"ocean_header_custom_menu":"0","ocean_menu_typo_font_family":"0","ocean_menu_typo_font_subset":"","ocean_menu_typo_font_size":0,"ocean_menu_typo_font_size_tablet":0,"ocean_menu_typo_font_size_mobile":0,"ocean_menu_typo_font_size_unit":"px","ocean_menu_typo_font_weight":"","ocean_menu_typo_font_weight_tablet":"","ocean_menu_typo_font_weight_mobile":"","ocean_menu_typo_transform":"","ocean_menu_typo_transform_tablet":"","ocean_menu_typo_transform_mobile":"","ocean_menu_typo_line_height":0,"ocean_menu_typo_line_height_tablet":0,"ocean_menu_typo_line_height_mobile":0,"ocean_menu_typo_line_height_unit":"","ocean_menu_typo_spacing":0,"ocean_menu_typo_spacing_tablet":0,"ocean_menu_typo_spacing_mobile":0,"ocean_menu_typo_spacing_unit":"","ocean_menu_link_color":"","ocean_menu_link_color_hover":"","ocean_menu_link_color_active":"","ocean_menu_link_background":"","ocean_menu_link_hover_background":"","ocean_menu_link_active_background":"","ocean_menu_social_links_bg":"","ocean_menu_social_hover_links_bg":"","ocean_menu_social_links_color":"","ocean_menu_social_hover_links_color":"","ocean_disable_title":"default","ocean_disable_heading":"default","ocean_post_title":"","ocean_post_subheading":"","ocean_post_title_style":"","ocean_post_title_background_color":"","ocean_post_title_background":0,"ocean_post_title_bg_image_position":"","ocean_post_title_bg_image_attachment":"","ocean_post_title_bg_image_repeat":"","ocean_post_title_bg_image_size":"","ocean_post_title_height":0,"ocean_post_title_bg_overlay":0.5,"ocean_post_title_bg_overlay_color":"","ocean_disable_breadcrumbs":"default","ocean_breadcrumbs_color":"","ocean_breadcrumbs_separator_color":"","ocean_breadcrumbs_links_color":"","ocean_breadcrumbs_links_hover_color":"","ocean_display_footer_widgets":"default","ocean_display_footer_bottom":"default","ocean_custom_footer_template":"0","footnotes":""},"class_list":["post-410","page","type-page","status-publish","hentry","entry"],"_links":{"self":[{"href":"https:\/\/www.dartscup.cz\/index.php?rest_route=\/wp\/v2\/pages\/410","targetHints":{"allow":["GET"]}}],"collection":[{"href":"https:\/\/www.dartscup.cz\/index.php?rest_route=\/wp\/v2\/pages"}],"about":[{"href":"https:\/\/www.dartscup.cz\/index.php?rest_route=\/wp\/v2\/types\/page"}],"author":[{"embeddable":true,"href":"https:\/\/www.dartscup.cz\/index.php?rest_route=\/wp\/v2\/users\/1"}],"replies":[{"embeddable":true,"href":"https:\/\/www.dartscup.cz\/index.php?rest_route=%2Fwp%2Fv2%2Fcomments&post=410"}],"version-history":[{"count":14,"href":"https:\/\/www.dartscup.cz\/index.php?rest_route=\/wp\/v2\/pages\/410\/revisions"}],"predecessor-version":[{"id":563,"href":"https:\/\/www.dartscup.cz\/index.php?rest_route=\/wp\/v2\/pages\/410\/revisions\/563"}],"wp:attachment":[{"href":"https:\/\/www.dartscup.cz\/index.php?rest_route=%2Fwp%2Fv2%2Fmedia&parent=410"}],"curies":[{"name":"wp","href":"https:\/\/api.w.org\/{rel}","templated":true}]}}