{"id":156,"date":"2020-06-25T10:59:15","date_gmt":"2020-06-25T08:59:15","guid":{"rendered":"http:\/\/nerodarts-cup.test.toxwat.cz\/?page_id=156"},"modified":"2020-09-17T14:42:50","modified_gmt":"2020-09-17T12:42:50","slug":"terminy-turnaju","status":"publish","type":"page","link":"https:\/\/www.dartscup.cz\/?page_id=156","title":{"rendered":"Term\u00edny turnaj\u016f"},"content":{"rendered":"\t\t<div data-elementor-type=\"wp-page\" data-elementor-id=\"156\" class=\"elementor elementor-156\">\n\t\t\t\t\t\t<section class=\"has_eae_slider elementor-section elementor-top-section elementor-element elementor-element-1b73d6c elementor-section-full_width elementor-section-height-default elementor-section-height-default\" data-eae-slider=\"78193\" data-id=\"1b73d6c\" data-element_type=\"section\" data-e-type=\"section\">\n\t\t\t\t\t\t<div class=\"elementor-container elementor-column-gap-default\">\n\t\t\t\t\t<div class=\"has_eae_slider elementor-column elementor-col-100 elementor-top-column elementor-element elementor-element-990aaa6\" data-eae-slider=\"72097\" data-id=\"990aaa6\" data-element_type=\"column\" data-e-type=\"column\" data-settings=\"{&quot;background_background&quot;:&quot;classic&quot;}\">\n\t\t\t<div class=\"elementor-widget-wrap elementor-element-populated\">\n\t\t\t\t\t\t<section class=\"has_eae_slider elementor-section elementor-inner-section elementor-element elementor-element-5d360ff elementor-section-boxed elementor-section-height-default elementor-section-height-default\" data-eae-slider=\"72212\" data-id=\"5d360ff\" data-element_type=\"section\" data-e-type=\"section\">\n\t\t\t\t\t\t<div class=\"elementor-container elementor-column-gap-default\">\n\t\t\t\t\t<div class=\"has_eae_slider elementor-column elementor-col-100 elementor-inner-column elementor-element elementor-element-d6b3188\" data-eae-slider=\"50459\" data-id=\"d6b3188\" data-element_type=\"column\" data-e-type=\"column\" data-settings=\"{&quot;background_background&quot;:&quot;classic&quot;}\">\n\t\t\t<div class=\"elementor-widget-wrap elementor-element-populated\">\n\t\t\t\t\t\t<div class=\"elementor-element elementor-element-2755ff8 elementor-view-stacked elementor-shape-circle elementor-widget elementor-widget-icon\" data-id=\"2755ff8\" data-element_type=\"widget\" data-e-type=\"widget\" data-widget_type=\"icon.default\">\n\t\t\t\t<div class=\"elementor-widget-container\">\n\t\t\t\t\t\t\t<div class=\"elementor-icon-wrapper\">\n\t\t\t<div class=\"elementor-icon\">\n\t\t\t<svg xmlns=\"http:\/\/www.w3.org\/2000\/svg\" height=\"512pt\" viewBox=\"0 0 512 512\" width=\"512pt\"><path d=\"m203 376c0 5.523438-4.476562 10-10 10s-10-4.476562-10-10 4.476562-10 10-10 10 4.476562 10 10zm0 0\"><\/path><path d=\"m452 382h-50v-50c0-5.523438-4.476562-10-10-10s-10 4.476562-10 10v60c0 5.523438 4.476562 10 10 10h60c5.523438 0 10-4.476562 10-10s-4.476562-10-10-10zm0 0\"><\/path><path d=\"m70 206h63c5.523438 0 10-4.476562 10-10s-4.476562-10-10-10h-63c-5.523438 0-10 4.476562-10 10s4.476562 10 10 10zm0 0\"><\/path><path d=\"m256 186h-63c-5.523438 0-10 4.476562-10 10s4.476562 10 10 10h63c5.523438 0 10-4.476562 10-10s-4.476562-10-10-10zm0 0\"><\/path><path d=\"m70 266h63c5.523438 0 10-4.476562 10-10s-4.476562-10-10-10h-63c-5.523438 0-10 4.476562-10 10s4.476562 10 10 10zm0 0\"><\/path><path d=\"m153 366h-83c-5.523438 0-10 4.476562-10 10s4.476562 10 10 10h83c5.523438 0 10-4.476562 10-10s-4.476562-10-10-10zm0 0\"><\/path><path d=\"m256 246h-63c-5.523438 0-10 4.476562-10 10s4.476562 10 10 10h63c5.523438 0 10-4.476562 10-10s-4.476562-10-10-10zm0 0\"><\/path><path d=\"m70 326h63c5.523438 0 10-4.476562 10-10s-4.476562-10-10-10h-63c-5.523438 0-10 4.476562-10 10s4.476562 10 10 10zm0 0\"><\/path><path d=\"m256 306h-63c-5.523438 0-10 4.476562-10 10s4.476562 10 10 10h63c5.523438 0 10-4.476562 10-10s-4.476562-10-10-10zm0 0\"><\/path><path d=\"m316 206h60c5.523438 0 10-4.476562 10-10s-4.476562-10-10-10h-60c-5.523438 0-10 4.476562-10 10s4.476562 10 10 10zm0 0\"><\/path><path d=\"m446 284.835938v-214.835938c0-16.542969-13.457031-30-30-30h-30v-10c0-16.574219-13.425781-30-30-30-16.542969 0-30 13.457031-30 30v10h-83v-10c0-16.574219-13.425781-30-30-30-16.542969 0-30 13.457031-30 30v10h-83v-10c0-16.574219-13.425781-30-30-30-16.542969 0-30 13.457031-30 30v10h-10c-16.542969 0-30 13.457031-30 30v326c0 16.542969 13.457031 30 30 30h246.921875c15.089844 50.988281 61.90625 86 115.078125 86 66.167969 0 120-53.832031 120-120 0-45.5-25.703125-86.851562-66-107.164062zm-100-254.835938c0-5.515625 4.484375-10 10-10 5.519531 0 10 4.476562 10 10v40c0 5.515625-4.484375 10-10 10s-10-4.484375-10-10zm-143 0c0-5.515625 4.484375-10 10-10 5.519531 0 10 4.476562 10 10v40c0 5.515625-4.484375 10-10 10s-10-4.484375-10-10zm-143 0c0-5.515625 4.484375-10 10-10 5.519531 0 10 4.476562 10 10v40c0 5.515625-4.484375 10-10 10s-10-4.484375-10-10zm-30 30h10v10c0 16.542969 13.457031 30 30 30s30-13.457031 30-30v-10h83v10c0 16.542969 13.457031 30 30 30s30-13.457031 30-30v-10h83v10c0 16.542969 13.457031 30 30 30s30-13.457031 30-30v-10h30c5.515625 0 10 4.484375 10 10v53h-406v-53c0-5.515625 4.484375-10 10-10zm-10 336v-253h406v133.890625c-10.972656-3.246094-22.355469-4.890625-34-4.890625-66.167969 0-120 53.832031-120 120 0 4.679688.28125 9.359375.820312 14h-242.820312c-5.515625 0-10-4.484375-10-10zm372 96c-53.601562 0-100-43.675781-100-100 0-55.140625 44.859375-100 100-100 55.339844 0 100 44.898438 100 100 0 55.140625-44.859375 100-100 100zm0 0\"><\/path><\/svg>\t\t\t<\/div>\n\t\t<\/div>\n\t\t\t\t\t\t<\/div>\n\t\t\t\t<\/div>\n\t\t\t\t<div class=\"elementor-element elementor-element-fd22e83 elementor-widget elementor-widget-heading\" data-id=\"fd22e83\" data-element_type=\"widget\" data-e-type=\"widget\" data-widget_type=\"heading.default\">\n\t\t\t\t<div class=\"elementor-widget-container\">\n\t\t\t\t\t<h3 class=\"elementor-heading-title elementor-size-default\">CHYSTAN\u00c9 TURNAJE<\/h3>\t\t\t\t<\/div>\n\t\t\t\t<\/div>\n\t\t\t\t<div class=\"elementor-element elementor-element-a58b80e elementor-widget-divider--view-line elementor-widget elementor-widget-divider\" data-id=\"a58b80e\" data-element_type=\"widget\" data-e-type=\"widget\" data-widget_type=\"divider.default\">\n\t\t\t\t<div class=\"elementor-widget-container\">\n\t\t\t\t\t\t\t<div class=\"elementor-divider\">\n\t\t\t<span class=\"elementor-divider-separator\">\n\t\t\t\t\t\t<\/span>\n\t\t<\/div>\n\t\t\t\t\t\t<\/div>\n\t\t\t\t<\/div>\n\t\t\t\t<div class=\"elementor-element elementor-element-5ca29ca elementor-widget elementor-widget-text-editor\" data-id=\"5ca29ca\" data-element_type=\"widget\" data-e-type=\"widget\" data-widget_type=\"text-editor.default\">\n\t\t\t\t<div class=\"elementor-widget-container\">\n\t\t\t\t\t\t\t\t\t<p><style>.hidden{display:none;}<\/style><div id=\"datawrapper\"> <table id=\"chystane-turnaje\" class=\"neroTSD-stats-table\"> <tr> <th>TERM\u00cdN<\/th> <th>N\u00c1ZEV PROVOZOVNY<\/th> <th>ADRESA<\/th> <\/tr> <tr> <td> 1.5. 14:30 <\/td> <td> <b>Pivnice Barborka <\/b><\/td> <td> D\u011blnick\u00e1 722, 280 02 Kol\u00edn <\/td> <\/tr> <tr> <td> 1.5. 16:00 <\/td> <td> <b>MAX BAR <\/b><\/td> <td> M\u00e1chova 1330, 293 01 Mlad\u00e1 Boleslav <\/td> <\/tr> <tr> <td> 1.5. 18:30 <\/td> <td> <b>Hostinec U Mejzr\u016f <\/b><\/td> <td> Kosteleck\u00e1 1. Kostelec nad Labem 27713 Ji\u0159ice <\/td> <\/tr> <tr> <td> 1.5. 19:00 <\/td> <td> <b>Hospoda Na S\u00eddli\u0161ti <\/b><\/td> <td> S\u00eddli\u0161t\u011b 1786, 289 22 Lys\u00e1 n. L. <\/td> <\/tr> <tr> <td> 1.5. 19:00 <\/td> <td> <b>Pivnice U Jaro\u0161\u016f <\/b><\/td> <td> Tylova 263, 289 12 Sadsk\u00e1 <\/td> <\/tr> <tr> <td> 2.5. 17:00 <\/td> <td> <b>Sport Club u Stadi\u00f3nu <\/b><\/td> <td> U Stadi\u00f3nu 1231, 293 01 Mlad\u00e1 Boleslav <\/td> <\/tr> <tr> <td> 2.5. 17:00 <\/td> <td> <b>Bar Trio <\/b><\/td> <td> Jana Palacha 1297 Mlad\u00e1 Boleslav 29301 <\/td> <\/tr> <tr> <td> 2.5. 19:00 <\/td> <td> <b>Daniel\u2019s Burger <\/b><\/td> <td> N\u00e1m\u011bst\u00ed Bed\u0159icha Hrozn\u00e9ho 183, 289 22 Lys\u00e1 nad Labem 28922 <\/td> <\/tr> <tr> <td> 4.5. 19:15 <\/td> <td> <b>Restaurace Homolka <\/b><\/td> <td> Nerudova 1426, 250 82 \u00davaly <\/td> <\/tr> <tr> <td> 5.5. 18:00 <\/td> <td> <b>Pivnice Barborka <\/b><\/td> <td> D\u011blnick\u00e1 722, 280 02 Kol\u00edn <\/td> <\/tr> <tr> <td> 6.5. 18:00 <\/td> <td> <b>MAX BAR <\/b><\/td> <td> M\u00e1chova 1330, 293 01 Mlad\u00e1 Boleslav <\/td> <\/tr> <tr> <td> 6.5. 18:00 <\/td> <td> <b>Obecn\u00ed hospoda na R\u016f\u017eku <\/b><\/td> <td> Ho\u0159\u00e1tev 27, 289 13 Ho\u0159\u00e1tev <\/td> <\/tr> <tr> <td> 7.5. 19:00 <\/td> <td> <b>Bar on Bar <\/b><\/td> <td> Na Vyhl\u00eddce 47\/76, 190 00 Praha 9 &#8211; Prosek <\/td> <\/tr> <tr> <td> 7.5. 19:15 <\/td> <td> <b>Restaurace Homolka <\/b><\/td> <td> Nerudova 1426, 250 82 \u00davaly <\/td> <\/tr> <tr> <td> 8.5. 14:30 <\/td> <td> <b>Pivnice Barborka <\/b><\/td> <td> D\u011blnick\u00e1 722, 280 02 Kol\u00edn <\/td> <\/tr> <tr> <td> 8.5. 16:00 <\/td> <td> <b>Bar Trio <\/b><\/td> <td> Jana Palacha 1297 Mlad\u00e1 Boleslav 29301 <\/td> <\/tr> <tr> <td> 8.5. 19:00 <\/td> <td> <b>Hospoda Na S\u00eddli\u0161ti <\/b><\/td> <td> S\u00eddli\u0161t\u011b 1786, 289 22 Lys\u00e1 n. L. <\/td> <\/tr> <tr> <td> 9.5. 14:00 <\/td> <td> <b>Restaurace Na Zast\u00e1vce <\/b><\/td> <td> Boleslavsk\u00e1 226 Bakov nad Jizerou 29401 <\/td> <\/tr> <tr> <td> 9.5. 17:00 <\/td> <td> <b>MAX BAR <\/b><\/td> <td> M\u00e1chova 1330, 293 01 Mlad\u00e1 Boleslav <\/td> <\/tr> <tr> <td> 9.5. 19:00 <\/td> <td> <b>Daniel\u2019s Burger <\/b><\/td> <td> N\u00e1m\u011bst\u00ed Bed\u0159icha Hrozn\u00e9ho 183, 289 22 Lys\u00e1 nad Labem 28922 <\/td> <\/tr> <tr> <td> 12.5. 18:00 <\/td> <td> <b>Pivnice Barborka <\/b><\/td> <td> D\u011blnick\u00e1 722, 280 02 Kol\u00edn <\/td> <\/tr> <tr> <td> 13.5. 18:00 <\/td> <td> <b>Obecn\u00ed hospoda na R\u016f\u017eku <\/b><\/td> <td> Ho\u0159\u00e1tev 27, 289 13 Ho\u0159\u00e1tev <\/td> <\/tr> <tr> <td> 13.5. 18:00 <\/td> <td> <b>MAX BAR <\/b><\/td> <td> M\u00e1chova 1330, 293 01 Mlad\u00e1 Boleslav <\/td> <\/tr> <tr> <td> 14.5. 18:00 <\/td> <td> <b>Restaurace Na radnici <\/b><\/td> <td> Husovo n\u00e1m. 31, 294 28 Chot\u011btov <\/td> <\/tr> <tr> <td> 14.5. 19:00 <\/td> <td> <b>Bar on Bar <\/b><\/td> <td> Na Vyhl\u00eddce 47\/76, 190 00 Praha 9 &#8211; Prosek <\/td> <\/tr> <tr> <td> 15.5. 18:00 <\/td> <td> <b>Pivnice Barborka <\/b><\/td> <td> D\u011blnick\u00e1 722, 280 02 Kol\u00edn <\/td> <\/tr> <tr> <td> 15.5. 18:00 <\/td> <td> <b>MAX BAR <\/b><\/td> <td> M\u00e1chova 1330, 293 01 Mlad\u00e1 Boleslav <\/td> <\/tr> <tr> <td> 15.5. 18:30 <\/td> <td> <b>Hostinec U Mejzr\u016f <\/b><\/td> <td> Kosteleck\u00e1 1. Kostelec nad Labem 27713 Ji\u0159ice <\/td> <\/tr> <tr> <td> 15.5. 19:00 <\/td> <td> <b>Hospoda Na S\u00eddli\u0161ti <\/b><\/td> <td> S\u00eddli\u0161t\u011b 1786, 289 22 Lys\u00e1 n. L. <\/td> <\/tr> <tr> <td> 16.5. 12:00 <\/td> <td> <b>Pivnice Barborka &#8211; turnaj MAJOR <\/b><\/td> <td> D\u011blnick\u00e1 722, 280 02 Kol\u00edn <\/td> <\/tr> <\/table> <br> <table class=\"neroTSD-stats-table\"> <tr><td><center> | 1 | <a href=\"https:\/\/www.dartscup.cz\/?page_id=156&amp;TUROD=30\" >2<\/a> | <\/center><\/td><\/tr> <\/table> <\/div><\/p>\t\t\t\t\t\t\t\t<\/div>\n\t\t\t\t<\/div>\n\t\t\t\t\t<\/div>\n\t\t<\/div>\n\t\t\t\t\t<\/div>\n\t\t<\/section>\n\t\t\t\t<section class=\"has_eae_slider elementor-section elementor-inner-section elementor-element elementor-element-9eacdfb elementor-section-boxed elementor-section-height-default elementor-section-height-default\" data-eae-slider=\"85148\" data-id=\"9eacdfb\" data-element_type=\"section\" data-e-type=\"section\">\n\t\t\t\t\t\t<div class=\"elementor-container elementor-column-gap-default\">\n\t\t\t\t\t<div class=\"has_eae_slider elementor-column elementor-col-100 elementor-inner-column elementor-element elementor-element-7c3008a\" data-eae-slider=\"5416\" data-id=\"7c3008a\" data-element_type=\"column\" data-e-type=\"column\" data-settings=\"{&quot;background_background&quot;:&quot;classic&quot;}\">\n\t\t\t<div class=\"elementor-widget-wrap elementor-element-populated\">\n\t\t\t\t\t\t<div class=\"elementor-element elementor-element-1d92c96 elementor-view-stacked elementor-shape-circle elementor-widget elementor-widget-icon\" data-id=\"1d92c96\" data-element_type=\"widget\" data-e-type=\"widget\" data-widget_type=\"icon.default\">\n\t\t\t\t<div class=\"elementor-widget-container\">\n\t\t\t\t\t\t\t<div class=\"elementor-icon-wrapper\">\n\t\t\t<div class=\"elementor-icon\">\n\t\t\t<svg xmlns=\"http:\/\/www.w3.org\/2000\/svg\" id=\"Layer_1\" height=\"512\" viewBox=\"0 0 512 512\" width=\"512\"><g><path d=\"m497 59.004h-67v-14.999c0-24.264-19.739-44.003-44.003-44.003h-1.995c-24.264 0-44.003 19.739-44.003 44.003v14.999h-29.999v-14.999c0-24.264-19.739-44.003-44.003-44.003h-1.995c-24.263 0-44.003 19.739-44.003 44.003v14.999h-30v-14.994c0-24.264-19.739-44.003-44.002-44.003h-1.996c-24.263 0-44.003 19.739-44.003 44.003v14.994h-84.998c-8.284 0-15 6.716-15 15v422.994c0 8.284 6.716 15 15 15h482c8.284 0 15-6.716 15-15v-422.994c0-8.284-6.716-15-15-15zm-127.001-14.999c0-7.722 6.281-14.003 14.003-14.003h1.995c7.722 0 14.003 6.281 14.003 14.003v14.999h-30.001zm-120 0c0-7.722 6.282-14.003 14.003-14.003h1.995c7.722 0 14.003 6.281 14.003 14.003v14.999h-30.001zm-120 .005c0-7.722 6.282-14.003 14.003-14.003h1.996c7.721 0 14.002 6.281 14.002 14.003v14.994h-30.001zm-30 44.994v28c0 8.284 6.716 15 15 15s15-6.716 15-15v-28h90v28c0 8.284 6.716 15 15 15s15-6.716 15-15v-28h90v28c0 8.284 6.716 15 15 15s15-6.716 15-15v-28h112.001v73h-452v-73zm-69.999 103h452v189.998h-85c-8.284 0-15 6.716-15 15v84.996h-352zm430.787 219.998-48.787 48.787v-48.787zm-27.57 69.996 48.783-48.783v48.783z\"><\/path><path d=\"m356.606 281.108c5.858-5.857 5.858-15.355 0-21.213-5.857-5.857-15.355-5.857-21.213 0l-4.044 4.044c-19.105-19.708-45.84-31.978-75.391-31.978-57.92 0-105.041 47.121-105.041 105.041s47.121 105.042 105.041 105.042 105.042-47.122 105.042-105.042c0-17.458-4.287-33.932-11.854-48.434zm-25.606 55.895c0 41.378-33.663 75.042-75.042 75.042-41.378 0-75.041-33.664-75.041-75.042s33.663-75.041 75.041-75.041c21.28 0 40.504 8.918 54.174 23.195l-54.132 54.132-22.894-22.894c-5.857-5.857-15.355-5.857-21.213 0s-5.858 15.355 0 21.213l33.5 33.5c2.929 2.929 6.768 4.394 10.606 4.394s7.678-1.465 10.606-4.394l59.845-59.845c2.943 8.032 4.55 16.702 4.55 25.74z\"><\/path><\/g><\/svg>\t\t\t<\/div>\n\t\t<\/div>\n\t\t\t\t\t\t<\/div>\n\t\t\t\t<\/div>\n\t\t\t\t<div class=\"elementor-element elementor-element-9d37ab8 elementor-widget elementor-widget-heading\" data-id=\"9d37ab8\" data-element_type=\"widget\" data-e-type=\"widget\" data-widget_type=\"heading.default\">\n\t\t\t\t<div class=\"elementor-widget-container\">\n\t\t\t\t\t<h3 class=\"elementor-heading-title elementor-size-default\">ODEHRAN\u00c9 TURNAJE<\/h3>\t\t\t\t<\/div>\n\t\t\t\t<\/div>\n\t\t\t\t<div class=\"elementor-element elementor-element-d1b38f0 elementor-widget-divider--view-line elementor-widget elementor-widget-divider\" data-id=\"d1b38f0\" data-element_type=\"widget\" data-e-type=\"widget\" data-widget_type=\"divider.default\">\n\t\t\t\t<div class=\"elementor-widget-container\">\n\t\t\t\t\t\t\t<div class=\"elementor-divider\">\n\t\t\t<span class=\"elementor-divider-separator\">\n\t\t\t\t\t\t<\/span>\n\t\t<\/div>\n\t\t\t\t\t\t<\/div>\n\t\t\t\t<\/div>\n\t\t\t\t<div class=\"elementor-element elementor-element-f24172e elementor-widget elementor-widget-text-editor\" data-id=\"f24172e\" data-element_type=\"widget\" data-e-type=\"widget\" data-widget_type=\"text-editor.default\">\n\t\t\t\t<div class=\"elementor-widget-container\">\n\t\t\t\t\t\t\t\t\t<p>\u010cek\u00e1 se na data &#8230;<\/p>\t\t\t\t\t\t\t\t<\/div>\n\t\t\t\t<\/div>\n\t\t\t\t\t<\/div>\n\t\t<\/div>\n\t\t\t\t\t<\/div>\n\t\t<\/section>\n\t\t\t\t\t<\/div>\n\t\t<\/div>\n\t\t\t\t\t<\/div>\n\t\t<\/section>\n\t\t\t\t<section class=\"has_eae_slider elementor-section elementor-top-section elementor-element elementor-element-271bb125 elementor-section-full_width elementor-section-height-default elementor-section-height-default\" data-eae-slider=\"69092\" data-id=\"271bb125\" data-element_type=\"section\" data-e-type=\"section\" data-settings=\"{&quot;background_background&quot;:&quot;classic&quot;}\">\n\t\t\t\t\t\t\t<div class=\"elementor-background-overlay\"><\/div>\n\t\t\t\t\t\t\t<div class=\"elementor-container elementor-column-gap-default\">\n\t\t\t\t\t<div class=\"has_eae_slider elementor-column elementor-col-100 elementor-top-column elementor-element elementor-element-3ab7efc6\" data-eae-slider=\"74065\" data-id=\"3ab7efc6\" data-element_type=\"column\" data-e-type=\"column\">\n\t\t\t<div class=\"elementor-widget-wrap elementor-element-populated\">\n\t\t\t\t\t\t<div class=\"elementor-element elementor-element-486b944f elementor-widget elementor-widget-heading\" data-id=\"486b944f\" data-element_type=\"widget\" data-e-type=\"widget\" data-widget_type=\"heading.default\">\n\t\t\t\t<div class=\"elementor-widget-container\">\n\t\t\t\t\t<h2 class=\"elementor-heading-title elementor-size-default\">JACKPOT!<\/h2>\t\t\t\t<\/div>\n\t\t\t\t<\/div>\n\t\t\t\t<section class=\"has_eae_slider elementor-section elementor-inner-section elementor-element elementor-element-730385d2 elementor-section-boxed elementor-section-height-default elementor-section-height-default\" data-eae-slider=\"49291\" data-id=\"730385d2\" data-element_type=\"section\" data-e-type=\"section\">\n\t\t\t\t\t\t<div class=\"elementor-container elementor-column-gap-default\">\n\t\t\t\t\t<div class=\"has_eae_slider elementor-column elementor-col-33 elementor-inner-column elementor-element elementor-element-43b195b3\" data-eae-slider=\"69830\" data-id=\"43b195b3\" data-element_type=\"column\" data-e-type=\"column\" data-settings=\"{&quot;background_background&quot;:&quot;classic&quot;}\">\n\t\t\t<div class=\"elementor-widget-wrap elementor-element-populated\">\n\t\t\t\t\t\t<div class=\"elementor-element elementor-element-53fda139 elementor-widget elementor-widget-heading\" data-id=\"53fda139\" data-element_type=\"widget\" data-e-type=\"widget\" data-widget_type=\"heading.default\">\n\t\t\t\t<div class=\"elementor-widget-container\">\n\t\t\t\t\t<h2 class=\"elementor-heading-title elementor-size-default\">V jackpotu pro sout\u011b\u017ee jednotlivc\u016f je aktu\u00e1ln\u011b: <\/h2>\t\t\t\t<\/div>\n\t\t\t\t<\/div>\n\t\t\t\t<div class=\"elementor-element elementor-element-17d6ab28 elementor-widget elementor-widget-text-editor\" data-id=\"17d6ab28\" data-element_type=\"widget\" data-e-type=\"widget\" data-widget_type=\"text-editor.default\">\n\t\t\t\t<div class=\"elementor-widget-container\">\n\t\t\t\t\t\t\t\t\t<strong>\n<script>\n    var singleJackpotCounterVar = setInterval(singleJackpotCounter, 60);\n    var singleJackpotCounter_i=0;\n    var singleJackpotCounter_max = 294010;\n    var singleJackpotCounter_add=Math.round(singleJackpotCounter_max\/80);\n    function singleJackpotCounter() {\n        singleJackpotCounter_i=singleJackpotCounter_i+singleJackpotCounter_add;\n        document.getElementById('jackpotSingleSpan').innerHTML = singleJackpotCounter_i;\n        if(singleJackpotCounter_i  >= singleJackpotCounter_max){clearInterval(singleJackpotCounterVar);document.getElementById('jackpotSingleSpan').innerHTML = singleJackpotCounter_max}\n    }\n<\/script>\n<span id='jackpotSingleSpan'>294010<\/span> K\u010c<\/strong>\t\t\t\t\t\t\t\t<\/div>\n\t\t\t\t<\/div>\n\t\t\t\t\t<\/div>\n\t\t<\/div>\n\t\t\t\t<div class=\"has_eae_slider elementor-column elementor-col-33 elementor-inner-column elementor-element elementor-element-1828b245\" data-eae-slider=\"77849\" data-id=\"1828b245\" data-element_type=\"column\" data-e-type=\"column\">\n\t\t\t<div class=\"elementor-widget-wrap elementor-element-populated\">\n\t\t\t\t\t\t<div class=\"elementor-element elementor-element-611f86c7 elementor-hidden-desktop elementor-hidden-tablet elementor-widget elementor-widget-spacer\" data-id=\"611f86c7\" data-element_type=\"widget\" data-e-type=\"widget\" data-widget_type=\"spacer.default\">\n\t\t\t\t<div class=\"elementor-widget-container\">\n\t\t\t\t\t\t\t<div class=\"elementor-spacer\">\n\t\t\t<div class=\"elementor-spacer-inner\"><\/div>\n\t\t<\/div>\n\t\t\t\t\t\t<\/div>\n\t\t\t\t<\/div>\n\t\t\t\t\t<\/div>\n\t\t<\/div>\n\t\t\t\t<div class=\"has_eae_slider elementor-column elementor-col-33 elementor-inner-column elementor-element elementor-element-60e31f3b\" data-eae-slider=\"93243\" data-id=\"60e31f3b\" data-element_type=\"column\" data-e-type=\"column\" data-settings=\"{&quot;background_background&quot;:&quot;classic&quot;}\">\n\t\t\t<div class=\"elementor-widget-wrap elementor-element-populated\">\n\t\t\t\t\t\t<div class=\"elementor-element elementor-element-2397b42 elementor-widget elementor-widget-heading\" data-id=\"2397b42\" data-element_type=\"widget\" data-e-type=\"widget\" data-widget_type=\"heading.default\">\n\t\t\t\t<div class=\"elementor-widget-container\">\n\t\t\t\t\t<h2 class=\"elementor-heading-title elementor-size-default\">V jackpotu pro sout\u011b\u017e dvojic je aktu\u00e1ln\u011b:<\/h2>\t\t\t\t<\/div>\n\t\t\t\t<\/div>\n\t\t\t\t<div class=\"elementor-element elementor-element-71cf40c elementor-widget elementor-widget-text-editor\" data-id=\"71cf40c\" data-element_type=\"widget\" data-e-type=\"widget\" data-widget_type=\"text-editor.default\">\n\t\t\t\t<div class=\"elementor-widget-container\">\n\t\t\t\t\t\t\t\t\t<p><strong>\n<script>\n    var multiJackpotCounterVar = setInterval(multiJackpotCounter, 60);\n    var multiJackpotCounter_i=0;\n    var multiJackpotCounter_max = 69320;\n    var multiJackpotCounter_add=Math.round(multiJackpotCounter_max\/80);\n    function multiJackpotCounter() {\n        multiJackpotCounter_i=multiJackpotCounter_i+multiJackpotCounter_add;\n        document.getElementById('jackpotMultiSpan').innerHTML = multiJackpotCounter_i;\n        if(multiJackpotCounter_i  >= multiJackpotCounter_max){clearInterval(multiJackpotCounterVar);document.getElementById('jackpotMultiSpan').innerHTML = multiJackpotCounter_max}\n    }\n<\/script>\n<span id='jackpotMultiSpan'>69320<\/span> K\u010c<\/strong><\/p>\t\t\t\t\t\t\t\t<\/div>\n\t\t\t\t<\/div>\n\t\t\t\t\t<\/div>\n\t\t<\/div>\n\t\t\t\t\t<\/div>\n\t\t<\/section>\n\t\t\t\t\t<\/div>\n\t\t<\/div>\n\t\t\t\t\t<\/div>\n\t\t<\/section>\n\t\t\t\t<\/div>\n\t\t","protected":false},"excerpt":{"rendered":"<p>CHYSTAN\u00c9 TURNAJE ODEHRAN\u00c9 TURNAJE \u010cek\u00e1 se na data &#8230; JACKPOT! V jackpotu pro sout\u011b\u017ee jednotlivc\u016f je aktu\u00e1ln\u011b: K\u010c V jackpotu pro sout\u011b\u017e dvojic je aktu\u00e1ln\u011b: K\u010c<\/p>\n","protected":false},"author":1,"featured_media":0,"parent":0,"menu_order":0,"comment_status":"closed","ping_status":"closed","template":"elementor_header_footer","meta":{"ocean_post_layout":"full-width","ocean_both_sidebars_style":"","ocean_both_sidebars_content_width":0,"ocean_both_sidebars_sidebars_width":0,"ocean_sidebar":"0","ocean_second_sidebar":"0","ocean_disable_margins":"enable","ocean_add_body_class":"","ocean_shortcode_before_top_bar":"","ocean_shortcode_after_top_bar":"","ocean_shortcode_before_header":"","ocean_shortcode_after_header":"","ocean_has_shortcode":"","ocean_shortcode_after_title":"","ocean_shortcode_before_footer_widgets":"","ocean_shortcode_after_footer_widgets":"","ocean_shortcode_before_footer_bottom":"","ocean_shortcode_after_footer_bottom":"","ocean_display_top_bar":"default","ocean_display_header":"default","ocean_header_style":"","ocean_center_header_left_menu":"0","ocean_custom_header_template":"0","ocean_custom_logo":0,"ocean_custom_retina_logo":0,"ocean_custom_logo_max_width":0,"ocean_custom_logo_tablet_max_width":0,"ocean_custom_logo_mobile_max_width":0,"ocean_custom_logo_max_height":0,"ocean_custom_logo_tablet_max_height":0,"ocean_custom_logo_mobile_max_height":0,"ocean_header_custom_menu":"0","ocean_menu_typo_font_family":"0","ocean_menu_typo_font_subset":"","ocean_menu_typo_font_size":0,"ocean_menu_typo_font_size_tablet":0,"ocean_menu_typo_font_size_mobile":0,"ocean_menu_typo_font_size_unit":"px","ocean_menu_typo_font_weight":"","ocean_menu_typo_font_weight_tablet":"","ocean_menu_typo_font_weight_mobile":"","ocean_menu_typo_transform":"","ocean_menu_typo_transform_tablet":"","ocean_menu_typo_transform_mobile":"","ocean_menu_typo_line_height":0,"ocean_menu_typo_line_height_tablet":0,"ocean_menu_typo_line_height_mobile":0,"ocean_menu_typo_line_height_unit":"","ocean_menu_typo_spacing":0,"ocean_menu_typo_spacing_tablet":0,"ocean_menu_typo_spacing_mobile":0,"ocean_menu_typo_spacing_unit":"","ocean_menu_link_color":"","ocean_menu_link_color_hover":"","ocean_menu_link_color_active":"","ocean_menu_link_background":"","ocean_menu_link_hover_background":"","ocean_menu_link_active_background":"","ocean_menu_social_links_bg":"","ocean_menu_social_hover_links_bg":"","ocean_menu_social_links_color":"","ocean_menu_social_hover_links_color":"","ocean_disable_title":"default","ocean_disable_heading":"default","ocean_post_title":"","ocean_post_subheading":"","ocean_post_title_style":"","ocean_post_title_background_color":"","ocean_post_title_background":0,"ocean_post_title_bg_image_position":"","ocean_post_title_bg_image_attachment":"","ocean_post_title_bg_image_repeat":"","ocean_post_title_bg_image_size":"","ocean_post_title_height":0,"ocean_post_title_bg_overlay":0.5,"ocean_post_title_bg_overlay_color":"","ocean_disable_breadcrumbs":"default","ocean_breadcrumbs_color":"","ocean_breadcrumbs_separator_color":"","ocean_breadcrumbs_links_color":"","ocean_breadcrumbs_links_hover_color":"","ocean_display_footer_widgets":"default","ocean_display_footer_bottom":"default","ocean_custom_footer_template":"0","footnotes":""},"class_list":["post-156","page","type-page","status-publish","hentry","entry"],"_links":{"self":[{"href":"https:\/\/www.dartscup.cz\/index.php?rest_route=\/wp\/v2\/pages\/156","targetHints":{"allow":["GET"]}}],"collection":[{"href":"https:\/\/www.dartscup.cz\/index.php?rest_route=\/wp\/v2\/pages"}],"about":[{"href":"https:\/\/www.dartscup.cz\/index.php?rest_route=\/wp\/v2\/types\/page"}],"author":[{"embeddable":true,"href":"https:\/\/www.dartscup.cz\/index.php?rest_route=\/wp\/v2\/users\/1"}],"replies":[{"embeddable":true,"href":"https:\/\/www.dartscup.cz\/index.php?rest_route=%2Fwp%2Fv2%2Fcomments&post=156"}],"version-history":[{"count":8,"href":"https:\/\/www.dartscup.cz\/index.php?rest_route=\/wp\/v2\/pages\/156\/revisions"}],"predecessor-version":[{"id":629,"href":"https:\/\/www.dartscup.cz\/index.php?rest_route=\/wp\/v2\/pages\/156\/revisions\/629"}],"wp:attachment":[{"href":"https:\/\/www.dartscup.cz\/index.php?rest_route=%2Fwp%2Fv2%2Fmedia&parent=156"}],"curies":[{"name":"wp","href":"https:\/\/api.w.org\/{rel}","templated":true}]}}